{"id":1313,"date":"2020-04-08T17:25:17","date_gmt":"2020-04-08T15:25:17","guid":{"rendered":"http:\/\/ballaballatown.com\/?post_type=product&#038;p=1313"},"modified":"2025-11-19T13:08:52","modified_gmt":"2025-11-19T12:08:52","slug":"ttvprint","status":"publish","type":"product","link":"https:\/\/ballaballatown.com\/en\/shop\/ttvprint\/","title":{"rendered":"Through The Valleys &#8222;EX ANIMA&#8220; Siebdruck Poster"},"content":{"rendered":"<p><strong>THROUGH THE VALLEYS &#8211; EX ANIMA Print<\/strong><\/p>\n<h3><em><strong>A3 Siebdruck Poster<\/strong><\/em><\/h3>\n<h3><em><strong>\u00a0<\/strong><\/em><\/h3>\n<p style=\"text-align: left;\">\u2022 Handgedrucktes A3 Siebdruck Poster<br \/>\n\u2022 Limitiert auf 20 St\u00fcck (je Farbe\/10)<\/p>\n<p>&nbsp;<\/p>\n<p>Metalcore \/ Post Hardcore band THROUGH THE VALLEYS are standing for modern metal with clean + brutal vocals and melancholic melodies.\nThe listener will be blown away by a wall of aggressions, combined with soulful and atmospheric parts.<br \/>\nAfter many concerts, their first digital EP \"The Prosky Sessions\" and their first video shoot of the song \"Lights Descending\", THROUGH THE VALLEYS will release their new EP \"EX ANIMA\" as CD and digital.<\/p>\n<p style=\"text-align: center;\"><em>\u2013 Shipping from Germany \u2013<\/em><\/p>","protected":false},"excerpt":{"rendered":"<p>THROUGH THE VALLEYS &#8211; EX ANIMA Print A3 Siebdruck Poster \u00a0 \u2022 Handgedrucktes A3 Siebdruck Poster \u2022 Limitiert auf 20 St\u00fcck (je Farbe\/10) &nbsp; Die Metalcore \/ Post Hardcore Band THROUGH THE VALLEYS\u00a0 stehen f\u00fcr modernen Metal mit klaren Ges\u00e4ngen, brutalen Vocals und melancholischen Melodien. Auf ihre eigene Art vermitteln sie dem H\u00f6rer eine Wand [&hellip;]<\/p>\n","protected":false},"featured_media":1323,"template":"","meta":[],"product_brand":[],"product_cat":[77,71],"product_tag":[89,92,90,91,24,93,88],"class_list":{"0":"post-1313","1":"product","2":"type-product","3":"status-publish","4":"has-post-thumbnail","6":"product_cat-poster","7":"product_cat-ttv","8":"product_tag-ex-anima","9":"product_tag-hardcore","10":"product_tag-metal","11":"product_tag-metalcore","12":"product_tag-poster","13":"product_tag-siebdruck-poster","14":"product_tag-through-the-valleys","15":"product_shipping_class-shirt","16":"wpbf-post","19":"instock","20":"sale","21":"shipping-taxable","22":"purchasable","23":"product-type-variable"},"yoast_head":"<!-- This site is optimized with the Yoast SEO plugin v27.4 - https:\/\/yoast.com\/product\/yoast-seo-wordpress\/ -->\n<title>Through The Valleys &quot;EX ANIMA&quot; Siebdruck Poster - Balla Balla Town<\/title>\n<meta name=\"robots\" content=\"index, follow, max-snippet:-1, max-image-preview:large, max-video-preview:-1\" \/>\n<link rel=\"canonical\" href=\"https:\/\/ballaballatown.com\/en\/shop\/ttvprint\/\" \/>\n<meta property=\"og:locale\" content=\"en_GB\" \/>\n<meta property=\"og:type\" content=\"article\" \/>\n<meta property=\"og:title\" content=\"Through The Valleys &quot;EX ANIMA&quot; Siebdruck Poster - Balla Balla Town\" \/>\n<meta property=\"og:description\" content=\"THROUGH THE VALLEYS &#8211; EX ANIMA Print A3 Siebdruck Poster \u00a0 \u2022 Handgedrucktes A3 Siebdruck Poster \u2022 Limitiert auf 20 St\u00fcck (je Farbe\/10) &nbsp; Die Metalcore \/ Post Hardcore Band THROUGH THE VALLEYS\u00a0 stehen f\u00fcr modernen Metal mit klaren Ges\u00e4ngen, brutalen Vocals und melancholischen Melodien. Auf ihre eigene Art vermitteln sie dem H\u00f6rer eine Wand [&hellip;]\" \/>\n<meta property=\"og:url\" content=\"https:\/\/ballaballatown.com\/en\/shop\/ttvprint\/\" \/>\n<meta property=\"og:site_name\" content=\"Balla Balla Town\" \/>\n<meta property=\"article:publisher\" content=\"http:\/\/www.facebook.com\/ballaballatown\" \/>\n<meta property=\"article:modified_time\" content=\"2025-11-19T12:08:52+00:00\" \/>\n<meta property=\"og:image\" content=\"https:\/\/ballaballatown.com\/wp-content\/uploads\/2020\/04\/ExAnimaPrintWeiss.jpg\" \/>\n\t<meta property=\"og:image:width\" content=\"800\" \/>\n\t<meta property=\"og:image:height\" content=\"800\" \/>\n\t<meta property=\"og:image:type\" content=\"image\/jpeg\" \/>\n<meta name=\"twitter:card\" content=\"summary_large_image\" \/>\n<script type=\"application\/ld+json\" class=\"yoast-schema-graph\">{\"@context\":\"https:\\\/\\\/schema.org\",\"@graph\":[{\"@type\":\"WebPage\",\"@id\":\"https:\\\/\\\/ballaballatown.com\\\/en\\\/shop\\\/ttvprint\\\/\",\"url\":\"https:\\\/\\\/ballaballatown.com\\\/en\\\/shop\\\/ttvprint\\\/\",\"name\":\"Through The Valleys \\\"EX ANIMA\\\" Siebdruck Poster - Balla Balla Town\",\"isPartOf\":{\"@id\":\"https:\\\/\\\/ballaballatown.com\\\/#website\"},\"primaryImageOfPage\":{\"@id\":\"https:\\\/\\\/ballaballatown.com\\\/en\\\/shop\\\/ttvprint\\\/#primaryimage\"},\"image\":{\"@id\":\"https:\\\/\\\/ballaballatown.com\\\/en\\\/shop\\\/ttvprint\\\/#primaryimage\"},\"thumbnailUrl\":\"https:\\\/\\\/ballaballatown.com\\\/wp-content\\\/uploads\\\/2020\\\/04\\\/ExAnimaPrintWeiss.jpg\",\"datePublished\":\"2020-04-08T15:25:17+00:00\",\"dateModified\":\"2025-11-19T12:08:52+00:00\",\"breadcrumb\":{\"@id\":\"https:\\\/\\\/ballaballatown.com\\\/en\\\/shop\\\/ttvprint\\\/#breadcrumb\"},\"inLanguage\":\"en-GB\",\"potentialAction\":[{\"@type\":\"ReadAction\",\"target\":[\"https:\\\/\\\/ballaballatown.com\\\/en\\\/shop\\\/ttvprint\\\/\"]}]},{\"@type\":\"ImageObject\",\"inLanguage\":\"en-GB\",\"@id\":\"https:\\\/\\\/ballaballatown.com\\\/en\\\/shop\\\/ttvprint\\\/#primaryimage\",\"url\":\"https:\\\/\\\/ballaballatown.com\\\/wp-content\\\/uploads\\\/2020\\\/04\\\/ExAnimaPrintWeiss.jpg\",\"contentUrl\":\"https:\\\/\\\/ballaballatown.com\\\/wp-content\\\/uploads\\\/2020\\\/04\\\/ExAnimaPrintWeiss.jpg\",\"width\":800,\"height\":800},{\"@type\":\"BreadcrumbList\",\"@id\":\"https:\\\/\\\/ballaballatown.com\\\/en\\\/shop\\\/ttvprint\\\/#breadcrumb\",\"itemListElement\":[{\"@type\":\"ListItem\",\"position\":1,\"name\":\"Startseite\",\"item\":\"https:\\\/\\\/ballaballatown.com\\\/\"},{\"@type\":\"ListItem\",\"position\":2,\"name\":\"Shop\",\"item\":\"https:\\\/\\\/ballaballatown.com\\\/shop\\\/\"},{\"@type\":\"ListItem\",\"position\":3,\"name\":\"Through The Valleys &#8222;EX ANIMA&#8220; Siebdruck Poster\"}]},{\"@type\":\"WebSite\",\"@id\":\"https:\\\/\\\/ballaballatown.com\\\/#website\",\"url\":\"https:\\\/\\\/ballaballatown.com\\\/\",\"name\":\"Balla Balla Town\",\"description\":\"SIEBDRUCK &amp; MERCHANDISING SHOP\",\"potentialAction\":[{\"@type\":\"SearchAction\",\"target\":{\"@type\":\"EntryPoint\",\"urlTemplate\":\"https:\\\/\\\/ballaballatown.com\\\/?s={search_term_string}\"},\"query-input\":{\"@type\":\"PropertyValueSpecification\",\"valueRequired\":true,\"valueName\":\"search_term_string\"}}],\"inLanguage\":\"en-GB\"}]}<\/script>\n<!-- \/ Yoast SEO plugin. -->","yoast_head_json":{"title":"Through The Valleys \"EX ANIMA\" Siebdruck Poster - Balla Balla Town","robots":{"index":"index","follow":"follow","max-snippet":"max-snippet:-1","max-image-preview":"max-image-preview:large","max-video-preview":"max-video-preview:-1"},"canonical":"https:\/\/ballaballatown.com\/en\/shop\/ttvprint\/","og_locale":"en_GB","og_type":"article","og_title":"Through The Valleys \"EX ANIMA\" Siebdruck Poster - Balla Balla Town","og_description":"THROUGH THE VALLEYS &#8211; EX ANIMA Print A3 Siebdruck Poster \u00a0 \u2022 Handgedrucktes A3 Siebdruck Poster \u2022 Limitiert auf 20 St\u00fcck (je Farbe\/10) &nbsp; Die Metalcore \/ Post Hardcore Band THROUGH THE VALLEYS\u00a0 stehen f\u00fcr modernen Metal mit klaren Ges\u00e4ngen, brutalen Vocals und melancholischen Melodien. Auf ihre eigene Art vermitteln sie dem H\u00f6rer eine Wand [&hellip;]","og_url":"https:\/\/ballaballatown.com\/en\/shop\/ttvprint\/","og_site_name":"Balla Balla Town","article_publisher":"http:\/\/www.facebook.com\/ballaballatown","article_modified_time":"2025-11-19T12:08:52+00:00","og_image":[{"width":800,"height":800,"url":"https:\/\/ballaballatown.com\/wp-content\/uploads\/2020\/04\/ExAnimaPrintWeiss.jpg","type":"image\/jpeg"}],"twitter_card":"summary_large_image","schema":{"@context":"https:\/\/schema.org","@graph":[{"@type":"WebPage","@id":"https:\/\/ballaballatown.com\/en\/shop\/ttvprint\/","url":"https:\/\/ballaballatown.com\/en\/shop\/ttvprint\/","name":"Through The Valleys \"EX ANIMA\" Siebdruck Poster - Balla Balla Town","isPartOf":{"@id":"https:\/\/ballaballatown.com\/#website"},"primaryImageOfPage":{"@id":"https:\/\/ballaballatown.com\/en\/shop\/ttvprint\/#primaryimage"},"image":{"@id":"https:\/\/ballaballatown.com\/en\/shop\/ttvprint\/#primaryimage"},"thumbnailUrl":"https:\/\/ballaballatown.com\/wp-content\/uploads\/2020\/04\/ExAnimaPrintWeiss.jpg","datePublished":"2020-04-08T15:25:17+00:00","dateModified":"2025-11-19T12:08:52+00:00","breadcrumb":{"@id":"https:\/\/ballaballatown.com\/en\/shop\/ttvprint\/#breadcrumb"},"inLanguage":"en-GB","potentialAction":[{"@type":"ReadAction","target":["https:\/\/ballaballatown.com\/en\/shop\/ttvprint\/"]}]},{"@type":"ImageObject","inLanguage":"en-GB","@id":"https:\/\/ballaballatown.com\/en\/shop\/ttvprint\/#primaryimage","url":"https:\/\/ballaballatown.com\/wp-content\/uploads\/2020\/04\/ExAnimaPrintWeiss.jpg","contentUrl":"https:\/\/ballaballatown.com\/wp-content\/uploads\/2020\/04\/ExAnimaPrintWeiss.jpg","width":800,"height":800},{"@type":"BreadcrumbList","@id":"https:\/\/ballaballatown.com\/en\/shop\/ttvprint\/#breadcrumb","itemListElement":[{"@type":"ListItem","position":1,"name":"Startseite","item":"https:\/\/ballaballatown.com\/"},{"@type":"ListItem","position":2,"name":"Shop","item":"https:\/\/ballaballatown.com\/shop\/"},{"@type":"ListItem","position":3,"name":"Through The Valleys &#8222;EX ANIMA&#8220; Siebdruck Poster"}]},{"@type":"WebSite","@id":"https:\/\/ballaballatown.com\/#website","url":"https:\/\/ballaballatown.com\/","name":"Balla Balla Town","description":"SCREENPRINTING &amp; MERCHANDISING SHOP","potentialAction":[{"@type":"SearchAction","target":{"@type":"EntryPoint","urlTemplate":"https:\/\/ballaballatown.com\/?s={search_term_string}"},"query-input":{"@type":"PropertyValueSpecification","valueRequired":true,"valueName":"search_term_string"}}],"inLanguage":"en-GB"}]}},"_links":{"self":[{"href":"https:\/\/ballaballatown.com\/en\/wp-json\/wp\/v2\/product\/1313","targetHints":{"allow":["GET"]}}],"collection":[{"href":"https:\/\/ballaballatown.com\/en\/wp-json\/wp\/v2\/product"}],"about":[{"href":"https:\/\/ballaballatown.com\/en\/wp-json\/wp\/v2\/types\/product"}],"wp:featuredmedia":[{"embeddable":true,"href":"https:\/\/ballaballatown.com\/en\/wp-json\/wp\/v2\/media\/1323"}],"wp:attachment":[{"href":"https:\/\/ballaballatown.com\/en\/wp-json\/wp\/v2\/media?parent=1313"}],"wp:term":[{"taxonomy":"product_brand","embeddable":true,"href":"https:\/\/ballaballatown.com\/en\/wp-json\/wp\/v2\/product_brand?post=1313"},{"taxonomy":"product_cat","embeddable":true,"href":"https:\/\/ballaballatown.com\/en\/wp-json\/wp\/v2\/product_cat?post=1313"},{"taxonomy":"product_tag","embeddable":true,"href":"https:\/\/ballaballatown.com\/en\/wp-json\/wp\/v2\/product_tag?post=1313"}],"curies":[{"name":"wp","href":"https:\/\/api.w.org\/{rel}","templated":true}]}}