{"id":2937,"date":"2025-11-19T17:18:51","date_gmt":"2025-11-19T16:18:51","guid":{"rendered":"https:\/\/ballaballatown.com\/?post_type=product&#038;p=2937"},"modified":"2026-02-16T16:49:59","modified_gmt":"2026-02-16T15:49:59","slug":"the-dead-brothers-angst-cd","status":"publish","type":"product","link":"https:\/\/ballaballatown.com\/en\/shop\/the-dead-brothers-angst-cd\/","title":{"rendered":"The Dead Brothers &#8211; Angst (CD)"},"content":{"rendered":"<p>THE DEAD BROTHERS &#8211; Angst (CD)<\/p>\n<p>&nbsp;<\/p>\n<h3><em><strong>CD Album<\/strong><\/em><\/h3>\n<p>Die Toten Br\u00fcder stehen genau wie wir am Abgrund und am Ende der Welt, die Katastrophe steht unmittelbar bevor, Angst herrscht \u00fcberall. Unter diesen Voraussetzungen ist die Truppe aus Genf um das schweizerisch-armenische Enfant Terrible Alain Croubalian in die Vogesen gepilgert, um zusammen mit Rodolphe Burger eine weitere Runde d\u00fcsterer Begr\u00e4bnis-Lieder aufzunehmen. Im Gesamtlook wirken sie auf dem 7ten Album f\u00fcr Voodoo Rhythm wieder auch wie eine mitteleurop\u00e4ische Antwort auf Tom Waits, haben Serge Gainsbourg\u00b4s &#8222;Les Papillons noir&#8220; so umarbeitet, dass es nach Appalachen und Hillbilly klingt und benutzen im Titelsong \u00fcber &#8222;German Angst&#8220; einen Text von Robert Walser zu jiddischem Arrangement. Die Tuba ersetzt den Bass, Geigen, Wurlitzer-Orgel und Banjos sowie Voodoo-Ch\u00f6re wirken mit bei den 13 Geschichten von Freude und Elend und von der Schwierigkeit, in diesen unruhigen Zeiten Mensch zu sein. Finsterfinster, auch der mit Schweitzer Dudels\u00e4cken aufgeblasene mittelalterliche Jodler &#8222;Es isch kei Soelige Stamme&#8220;. Gemixt von Bertrand Siffert (The Young Gods, Yello). *Voodoo Rhythm<\/p>\n<p><strong>TRACKLIST<br \/>\n<\/strong>1. Le Sifflet Des Mineurs<br \/>\n2. Les Papillons Noirs<br \/>\n3. Everything&#8217;s Dead<br \/>\n4. Ghost Train<br \/>\n5. Angst<br \/>\n6. Pretty Polly<br \/>\n7. Zeirly<br \/>\n8. Did We Fail?<br \/>\n9. Mean Blue Spirits<br \/>\n10. Angela<br \/>\n11. Baron Samedi<br \/>\n12. Marie Mouri<br \/>\n13. Es Isch Kei Soelige Stamme<\/p>\n<p>&nbsp;<\/p>\n<p>V\u00d6: 23.02.2018<strong><br \/>\n<\/strong>Label: Voodoo Ryhthm<\/p>\n<p>&nbsp;<\/p>\n<p><em>\u2013 Shipping from Germany \u2013<\/em><\/p>","protected":false},"excerpt":{"rendered":"<p>THE DEAD BROTHERS &#8211; Angst (CD) &nbsp; CD Album Die Toten Br\u00fcder stehen genau wie wir am Abgrund und am Ende der Welt, die Katastrophe steht unmittelbar bevor, Angst herrscht \u00fcberall. Unter diesen Voraussetzungen ist die Truppe aus Genf um das schweizerisch-armenische Enfant Terrible Alain Croubalian in die Vogesen gepilgert, um zusammen mit Rodolphe Burger [&hellip;]<\/p>\n","protected":false},"featured_media":2938,"template":"","meta":[],"product_brand":[],"product_cat":[9,78],"product_tag":[140,139,56,31,138],"class_list":{"0":"post-2937","1":"product","2":"type-product","3":"status-publish","4":"has-post-thumbnail","6":"product_cat-dead-brothers","7":"product_cat-records","8":"product_tag-album","9":"product_tag-angst","10":"product_tag-cd","11":"product_tag-dead-brothers","12":"product_tag-merch","13":"wpbf-post","16":"instock","17":"sale","18":"shipping-taxable","19":"purchasable","20":"product-type-simple"},"yoast_head":"<!-- This site is optimized with the Yoast SEO plugin v27.4 - https:\/\/yoast.com\/product\/yoast-seo-wordpress\/ -->\n<title>The Dead Brothers - Angst (CD) - Balla Balla Town<\/title>\n<meta name=\"robots\" content=\"index, follow, max-snippet:-1, max-image-preview:large, max-video-preview:-1\" \/>\n<link rel=\"canonical\" href=\"https:\/\/ballaballatown.com\/en\/shop\/the-dead-brothers-angst-cd\/\" \/>\n<meta property=\"og:locale\" content=\"en_GB\" \/>\n<meta property=\"og:type\" content=\"article\" \/>\n<meta property=\"og:title\" content=\"The Dead Brothers - Angst (CD) - Balla Balla Town\" \/>\n<meta property=\"og:description\" content=\"THE DEAD BROTHERS &#8211; Angst (CD) &nbsp; CD Album Die Toten Br\u00fcder stehen genau wie wir am Abgrund und am Ende der Welt, die Katastrophe steht unmittelbar bevor, Angst herrscht \u00fcberall. Unter diesen Voraussetzungen ist die Truppe aus Genf um das schweizerisch-armenische Enfant Terrible Alain Croubalian in die Vogesen gepilgert, um zusammen mit Rodolphe Burger [&hellip;]\" \/>\n<meta property=\"og:url\" content=\"https:\/\/ballaballatown.com\/en\/shop\/the-dead-brothers-angst-cd\/\" \/>\n<meta property=\"og:site_name\" content=\"Balla Balla Town\" \/>\n<meta property=\"article:publisher\" content=\"http:\/\/www.facebook.com\/ballaballatown\" \/>\n<meta property=\"article:modified_time\" content=\"2026-02-16T15:49:59+00:00\" \/>\n<meta property=\"og:image\" content=\"https:\/\/ballaballatown.com\/wp-content\/uploads\/2025\/11\/dbangst.jpg\" \/>\n\t<meta property=\"og:image:width\" content=\"1200\" \/>\n\t<meta property=\"og:image:height\" content=\"1200\" \/>\n\t<meta property=\"og:image:type\" content=\"image\/jpeg\" \/>\n<meta name=\"twitter:card\" content=\"summary_large_image\" \/>\n<meta name=\"twitter:label1\" content=\"Estimated reading time\" \/>\n\t<meta name=\"twitter:data1\" content=\"2 minutes\" \/>\n<script type=\"application\/ld+json\" class=\"yoast-schema-graph\">{\"@context\":\"https:\\\/\\\/schema.org\",\"@graph\":[{\"@type\":\"WebPage\",\"@id\":\"https:\\\/\\\/ballaballatown.com\\\/shop\\\/the-dead-brothers-angst-cd\\\/\",\"url\":\"https:\\\/\\\/ballaballatown.com\\\/shop\\\/the-dead-brothers-angst-cd\\\/\",\"name\":\"The Dead Brothers - Angst (CD) - Balla Balla Town\",\"isPartOf\":{\"@id\":\"https:\\\/\\\/ballaballatown.com\\\/#website\"},\"primaryImageOfPage\":{\"@id\":\"https:\\\/\\\/ballaballatown.com\\\/shop\\\/the-dead-brothers-angst-cd\\\/#primaryimage\"},\"image\":{\"@id\":\"https:\\\/\\\/ballaballatown.com\\\/shop\\\/the-dead-brothers-angst-cd\\\/#primaryimage\"},\"thumbnailUrl\":\"https:\\\/\\\/ballaballatown.com\\\/wp-content\\\/uploads\\\/2025\\\/11\\\/dbangst.jpg\",\"datePublished\":\"2025-11-19T16:18:51+00:00\",\"dateModified\":\"2026-02-16T15:49:59+00:00\",\"breadcrumb\":{\"@id\":\"https:\\\/\\\/ballaballatown.com\\\/shop\\\/the-dead-brothers-angst-cd\\\/#breadcrumb\"},\"inLanguage\":\"en-GB\",\"potentialAction\":[{\"@type\":\"ReadAction\",\"target\":[\"https:\\\/\\\/ballaballatown.com\\\/shop\\\/the-dead-brothers-angst-cd\\\/\"]}]},{\"@type\":\"ImageObject\",\"inLanguage\":\"en-GB\",\"@id\":\"https:\\\/\\\/ballaballatown.com\\\/shop\\\/the-dead-brothers-angst-cd\\\/#primaryimage\",\"url\":\"https:\\\/\\\/ballaballatown.com\\\/wp-content\\\/uploads\\\/2025\\\/11\\\/dbangst.jpg\",\"contentUrl\":\"https:\\\/\\\/ballaballatown.com\\\/wp-content\\\/uploads\\\/2025\\\/11\\\/dbangst.jpg\",\"width\":1200,\"height\":1200},{\"@type\":\"BreadcrumbList\",\"@id\":\"https:\\\/\\\/ballaballatown.com\\\/shop\\\/the-dead-brothers-angst-cd\\\/#breadcrumb\",\"itemListElement\":[{\"@type\":\"ListItem\",\"position\":1,\"name\":\"Startseite\",\"item\":\"https:\\\/\\\/ballaballatown.com\\\/\"},{\"@type\":\"ListItem\",\"position\":2,\"name\":\"Shop\",\"item\":\"https:\\\/\\\/ballaballatown.com\\\/shop\\\/\"},{\"@type\":\"ListItem\",\"position\":3,\"name\":\"The Dead Brothers &#8211; Angst (CD)\"}]},{\"@type\":\"WebSite\",\"@id\":\"https:\\\/\\\/ballaballatown.com\\\/#website\",\"url\":\"https:\\\/\\\/ballaballatown.com\\\/\",\"name\":\"Balla Balla Town\",\"description\":\"SIEBDRUCK &amp; MERCHANDISING SHOP\",\"potentialAction\":[{\"@type\":\"SearchAction\",\"target\":{\"@type\":\"EntryPoint\",\"urlTemplate\":\"https:\\\/\\\/ballaballatown.com\\\/?s={search_term_string}\"},\"query-input\":{\"@type\":\"PropertyValueSpecification\",\"valueRequired\":true,\"valueName\":\"search_term_string\"}}],\"inLanguage\":\"en-GB\"}]}<\/script>\n<!-- \/ Yoast SEO plugin. -->","yoast_head_json":{"title":"The Dead Brothers - Angst (CD) - Balla Balla Town","robots":{"index":"index","follow":"follow","max-snippet":"max-snippet:-1","max-image-preview":"max-image-preview:large","max-video-preview":"max-video-preview:-1"},"canonical":"https:\/\/ballaballatown.com\/en\/shop\/the-dead-brothers-angst-cd\/","og_locale":"en_GB","og_type":"article","og_title":"The Dead Brothers - Angst (CD) - Balla Balla Town","og_description":"THE DEAD BROTHERS &#8211; Angst (CD) &nbsp; CD Album Die Toten Br\u00fcder stehen genau wie wir am Abgrund und am Ende der Welt, die Katastrophe steht unmittelbar bevor, Angst herrscht \u00fcberall. Unter diesen Voraussetzungen ist die Truppe aus Genf um das schweizerisch-armenische Enfant Terrible Alain Croubalian in die Vogesen gepilgert, um zusammen mit Rodolphe Burger [&hellip;]","og_url":"https:\/\/ballaballatown.com\/en\/shop\/the-dead-brothers-angst-cd\/","og_site_name":"Balla Balla Town","article_publisher":"http:\/\/www.facebook.com\/ballaballatown","article_modified_time":"2026-02-16T15:49:59+00:00","og_image":[{"width":1200,"height":1200,"url":"https:\/\/ballaballatown.com\/wp-content\/uploads\/2025\/11\/dbangst.jpg","type":"image\/jpeg"}],"twitter_card":"summary_large_image","twitter_misc":{"Estimated reading time":"2 minutes"},"schema":{"@context":"https:\/\/schema.org","@graph":[{"@type":"WebPage","@id":"https:\/\/ballaballatown.com\/shop\/the-dead-brothers-angst-cd\/","url":"https:\/\/ballaballatown.com\/shop\/the-dead-brothers-angst-cd\/","name":"The Dead Brothers - Angst (CD) - Balla Balla Town","isPartOf":{"@id":"https:\/\/ballaballatown.com\/#website"},"primaryImageOfPage":{"@id":"https:\/\/ballaballatown.com\/shop\/the-dead-brothers-angst-cd\/#primaryimage"},"image":{"@id":"https:\/\/ballaballatown.com\/shop\/the-dead-brothers-angst-cd\/#primaryimage"},"thumbnailUrl":"https:\/\/ballaballatown.com\/wp-content\/uploads\/2025\/11\/dbangst.jpg","datePublished":"2025-11-19T16:18:51+00:00","dateModified":"2026-02-16T15:49:59+00:00","breadcrumb":{"@id":"https:\/\/ballaballatown.com\/shop\/the-dead-brothers-angst-cd\/#breadcrumb"},"inLanguage":"en-GB","potentialAction":[{"@type":"ReadAction","target":["https:\/\/ballaballatown.com\/shop\/the-dead-brothers-angst-cd\/"]}]},{"@type":"ImageObject","inLanguage":"en-GB","@id":"https:\/\/ballaballatown.com\/shop\/the-dead-brothers-angst-cd\/#primaryimage","url":"https:\/\/ballaballatown.com\/wp-content\/uploads\/2025\/11\/dbangst.jpg","contentUrl":"https:\/\/ballaballatown.com\/wp-content\/uploads\/2025\/11\/dbangst.jpg","width":1200,"height":1200},{"@type":"BreadcrumbList","@id":"https:\/\/ballaballatown.com\/shop\/the-dead-brothers-angst-cd\/#breadcrumb","itemListElement":[{"@type":"ListItem","position":1,"name":"Startseite","item":"https:\/\/ballaballatown.com\/"},{"@type":"ListItem","position":2,"name":"Shop","item":"https:\/\/ballaballatown.com\/shop\/"},{"@type":"ListItem","position":3,"name":"The Dead Brothers &#8211; Angst (CD)"}]},{"@type":"WebSite","@id":"https:\/\/ballaballatown.com\/#website","url":"https:\/\/ballaballatown.com\/","name":"Balla Balla Town","description":"SCREENPRINTING &amp; MERCHANDISING SHOP","potentialAction":[{"@type":"SearchAction","target":{"@type":"EntryPoint","urlTemplate":"https:\/\/ballaballatown.com\/?s={search_term_string}"},"query-input":{"@type":"PropertyValueSpecification","valueRequired":true,"valueName":"search_term_string"}}],"inLanguage":"en-GB"}]}},"_links":{"self":[{"href":"https:\/\/ballaballatown.com\/en\/wp-json\/wp\/v2\/product\/2937","targetHints":{"allow":["GET"]}}],"collection":[{"href":"https:\/\/ballaballatown.com\/en\/wp-json\/wp\/v2\/product"}],"about":[{"href":"https:\/\/ballaballatown.com\/en\/wp-json\/wp\/v2\/types\/product"}],"wp:featuredmedia":[{"embeddable":true,"href":"https:\/\/ballaballatown.com\/en\/wp-json\/wp\/v2\/media\/2938"}],"wp:attachment":[{"href":"https:\/\/ballaballatown.com\/en\/wp-json\/wp\/v2\/media?parent=2937"}],"wp:term":[{"taxonomy":"product_brand","embeddable":true,"href":"https:\/\/ballaballatown.com\/en\/wp-json\/wp\/v2\/product_brand?post=2937"},{"taxonomy":"product_cat","embeddable":true,"href":"https:\/\/ballaballatown.com\/en\/wp-json\/wp\/v2\/product_cat?post=2937"},{"taxonomy":"product_tag","embeddable":true,"href":"https:\/\/ballaballatown.com\/en\/wp-json\/wp\/v2\/product_tag?post=2937"}],"curies":[{"name":"wp","href":"https:\/\/api.w.org\/{rel}","templated":true}]}}