{"id":2942,"date":"2025-11-19T17:27:34","date_gmt":"2025-11-19T16:27:34","guid":{"rendered":"https:\/\/ballaballatown.com\/?post_type=product&#038;p=2942"},"modified":"2026-02-16T16:49:59","modified_gmt":"2026-02-16T15:49:59","slug":"thedeadbrothers-wunderkammer-cd","status":"publish","type":"product","link":"https:\/\/ballaballatown.com\/en\/shop\/thedeadbrothers-wunderkammer-cd\/","title":{"rendered":"The Dead Brothers &#8211; Wunderkammer (CD)"},"content":{"rendered":"<p>The Dead Brothers &#8211; Wunderkammer (CD)<\/p>\n<p>&nbsp;<\/p>\n<h3><em><strong>CD Album<\/strong><\/em><\/h3>\n<p>Die dritte regul\u00e4re Platte des Schweizer Beerdigungsorchesters auf Voodoo Rhythm. In gewohntem Down-Tempo interpretieren die DEAD BROTHERS elf Lieder aus verschiedenen Traditionen. Diesmal gibt es unter anderem einen Blues-Stomp (&#8222;Old pine box&#8220;), Swing der 20er Jahre (&#8222;Greek swing&#8220;), eine Arabeske (&#8222;Mustapha&#8220;), ein Shanty, Jazziges, das von Marlene Dietrich popularisierte Friedrich Holl\u00e4nder-St\u00fcck &#8222;Wenn ich mir was w\u00fcnschen d\u00fcrfte&#8220; ( hei\u00dft hier &#8222;Marlene&#8220;) und zum Abschluss eine Hillbilly-Nummer (&#8222;Fred&#8220;) in Angedenken an ein fr\u00fcheres Bandmitglied. Dabei bleibt das Album erstaunlich homogen. Daf\u00fcr verantwortlich ist der DEAD BROTHERS-Sound, instrumentiert mit Trompete, Akkordeon, Banjo, singender S\u00e4ge, Schlagzeug und so weiter und so fort. Dar\u00fcber weben sich die unwiderstehliche Stimme von Dead Alain (&#8222;Trust in me &#8230; you can sleep safe &#8230; slowly but surely your sense will cease to resist&#8220; aus dem eing\u00e4ngigsten, fast schon poppigen St\u00fcck &#8222;Trust in me&#8220;) und das genial-kaputte Organ von Dead Delaney (&#8222;Time has gone&#8220;). &#8222;Wunderkammer&#8220; k\u00f6nnte tats\u00e4chlich das &#8222;Wei\u00dfe Album&#8220; der Band werden. Es ist definitiv ein H\u00f6hepunkt des noch jungen Musik-Jahres, und nicht nur f\u00fcr Voodoo Rhythm\/DEAD BROTHERS-Aficionados. Neben der neuen Platte und der anstehenden Tour, gab es Ende Februar in Basel auch die Premiere des DEAD BROTHERS-Dokumentar-Films &#8222;Death Is Not The End&#8220; (slowboatfilms.com). Pflichtkauf f\u00fcr Fans und Sympathisanten; Reinh\u00f6rpflicht f\u00fcr alle anderen! (OX Magazine 09\/10) Andreas H\u00e4rther<\/p>\n<p><strong>TRACKLIST<br \/>\n<\/strong>1 Trust In Me<br \/>\n2 Old Pine Box<br \/>\n3 Greek Swing<br \/>\n4 I Can&#8217;t Get Enough<br \/>\n5 Mustapha<br \/>\n6 Just A Hole<br \/>\n7 Am I To Be The One<br \/>\n8 Time Has Gone<br \/>\n9 Marlene<br \/>\n10 The Storry Of Woody And Bush<br \/>\n11 Fred<\/p>\n<p>&nbsp;<\/p>\n<p>V\u00d6: 2006<strong><br \/>\n<\/strong>Label: Voodoo Ryhthm<\/p>\n<p>&nbsp;<\/p>\n<p><em>\u2013 Shipping from Germany \u2013<\/em><\/p>","protected":false},"excerpt":{"rendered":"<p>The Dead Brothers &#8211; Wunderkammer (CD) &nbsp; CD Album Die dritte regul\u00e4re Platte des Schweizer Beerdigungsorchesters auf Voodoo Rhythm. In gewohntem Down-Tempo interpretieren die DEAD BROTHERS elf Lieder aus verschiedenen Traditionen. Diesmal gibt es unter anderem einen Blues-Stomp (&#8222;Old pine box&#8220;), Swing der 20er Jahre (&#8222;Greek swing&#8220;), eine Arabeske (&#8222;Mustapha&#8220;), ein Shanty, Jazziges, das von [&hellip;]<\/p>\n","protected":false},"featured_media":2943,"template":"","meta":[],"product_brand":[],"product_cat":[9,78],"product_tag":[140,56,31,145,138,143,144],"class_list":{"0":"post-2942","1":"product","2":"type-product","3":"status-publish","4":"has-post-thumbnail","6":"product_cat-dead-brothers","7":"product_cat-records","8":"product_tag-album","9":"product_tag-cd","10":"product_tag-dead-brothers","11":"product_tag-dead-brothers-wunderkammer","12":"product_tag-merch","13":"product_tag-sin-phonie","14":"product_tag-wunderkammer","15":"wpbf-post","18":"instock","19":"sale","20":"shipping-taxable","21":"purchasable","22":"product-type-simple"},"yoast_head":"<!-- This site is optimized with the Yoast SEO plugin v27.4 - https:\/\/yoast.com\/product\/yoast-seo-wordpress\/ -->\n<title>The Dead Brothers - Wunderkammer (CD) - Balla Balla Town<\/title>\n<meta name=\"robots\" content=\"index, follow, max-snippet:-1, max-image-preview:large, max-video-preview:-1\" \/>\n<link rel=\"canonical\" href=\"https:\/\/ballaballatown.com\/en\/shop\/thedeadbrothers-wunderkammer-cd\/\" \/>\n<meta property=\"og:locale\" content=\"en_GB\" \/>\n<meta property=\"og:type\" content=\"article\" \/>\n<meta property=\"og:title\" content=\"The Dead Brothers - Wunderkammer (CD) - Balla Balla Town\" \/>\n<meta property=\"og:description\" content=\"The Dead Brothers &#8211; Wunderkammer (CD) &nbsp; CD Album Die dritte regul\u00e4re Platte des Schweizer Beerdigungsorchesters auf Voodoo Rhythm. In gewohntem Down-Tempo interpretieren die DEAD BROTHERS elf Lieder aus verschiedenen Traditionen. Diesmal gibt es unter anderem einen Blues-Stomp (&#8222;Old pine box&#8220;), Swing der 20er Jahre (&#8222;Greek swing&#8220;), eine Arabeske (&#8222;Mustapha&#8220;), ein Shanty, Jazziges, das von [&hellip;]\" \/>\n<meta property=\"og:url\" content=\"https:\/\/ballaballatown.com\/en\/shop\/thedeadbrothers-wunderkammer-cd\/\" \/>\n<meta property=\"og:site_name\" content=\"Balla Balla Town\" \/>\n<meta property=\"article:publisher\" content=\"http:\/\/www.facebook.com\/ballaballatown\" \/>\n<meta property=\"article:modified_time\" content=\"2026-02-16T15:49:59+00:00\" \/>\n<meta property=\"og:image\" content=\"https:\/\/ballaballatown.com\/wp-content\/uploads\/2025\/11\/wunderkammercd.jpg\" \/>\n\t<meta property=\"og:image:width\" content=\"1195\" \/>\n\t<meta property=\"og:image:height\" content=\"1200\" \/>\n\t<meta property=\"og:image:type\" content=\"image\/jpeg\" \/>\n<meta name=\"twitter:card\" content=\"summary_large_image\" \/>\n<meta name=\"twitter:label1\" content=\"Estimated reading time\" \/>\n\t<meta name=\"twitter:data1\" content=\"2 minutes\" \/>\n<script type=\"application\/ld+json\" class=\"yoast-schema-graph\">{\"@context\":\"https:\\\/\\\/schema.org\",\"@graph\":[{\"@type\":\"WebPage\",\"@id\":\"https:\\\/\\\/ballaballatown.com\\\/shop\\\/thedeadbrothers-wunderkammer-cd\\\/\",\"url\":\"https:\\\/\\\/ballaballatown.com\\\/shop\\\/thedeadbrothers-wunderkammer-cd\\\/\",\"name\":\"The Dead Brothers - Wunderkammer (CD) - Balla Balla Town\",\"isPartOf\":{\"@id\":\"https:\\\/\\\/ballaballatown.com\\\/#website\"},\"primaryImageOfPage\":{\"@id\":\"https:\\\/\\\/ballaballatown.com\\\/shop\\\/thedeadbrothers-wunderkammer-cd\\\/#primaryimage\"},\"image\":{\"@id\":\"https:\\\/\\\/ballaballatown.com\\\/shop\\\/thedeadbrothers-wunderkammer-cd\\\/#primaryimage\"},\"thumbnailUrl\":\"https:\\\/\\\/ballaballatown.com\\\/wp-content\\\/uploads\\\/2025\\\/11\\\/wunderkammercd.jpg\",\"datePublished\":\"2025-11-19T16:27:34+00:00\",\"dateModified\":\"2026-02-16T15:49:59+00:00\",\"breadcrumb\":{\"@id\":\"https:\\\/\\\/ballaballatown.com\\\/shop\\\/thedeadbrothers-wunderkammer-cd\\\/#breadcrumb\"},\"inLanguage\":\"en-GB\",\"potentialAction\":[{\"@type\":\"ReadAction\",\"target\":[\"https:\\\/\\\/ballaballatown.com\\\/shop\\\/thedeadbrothers-wunderkammer-cd\\\/\"]}]},{\"@type\":\"ImageObject\",\"inLanguage\":\"en-GB\",\"@id\":\"https:\\\/\\\/ballaballatown.com\\\/shop\\\/thedeadbrothers-wunderkammer-cd\\\/#primaryimage\",\"url\":\"https:\\\/\\\/ballaballatown.com\\\/wp-content\\\/uploads\\\/2025\\\/11\\\/wunderkammercd.jpg\",\"contentUrl\":\"https:\\\/\\\/ballaballatown.com\\\/wp-content\\\/uploads\\\/2025\\\/11\\\/wunderkammercd.jpg\",\"width\":1195,\"height\":1200},{\"@type\":\"BreadcrumbList\",\"@id\":\"https:\\\/\\\/ballaballatown.com\\\/shop\\\/thedeadbrothers-wunderkammer-cd\\\/#breadcrumb\",\"itemListElement\":[{\"@type\":\"ListItem\",\"position\":1,\"name\":\"Startseite\",\"item\":\"https:\\\/\\\/ballaballatown.com\\\/\"},{\"@type\":\"ListItem\",\"position\":2,\"name\":\"Shop\",\"item\":\"https:\\\/\\\/ballaballatown.com\\\/shop\\\/\"},{\"@type\":\"ListItem\",\"position\":3,\"name\":\"The Dead Brothers &#8211; Wunderkammer (CD)\"}]},{\"@type\":\"WebSite\",\"@id\":\"https:\\\/\\\/ballaballatown.com\\\/#website\",\"url\":\"https:\\\/\\\/ballaballatown.com\\\/\",\"name\":\"Balla Balla Town\",\"description\":\"SIEBDRUCK &amp; MERCHANDISING SHOP\",\"potentialAction\":[{\"@type\":\"SearchAction\",\"target\":{\"@type\":\"EntryPoint\",\"urlTemplate\":\"https:\\\/\\\/ballaballatown.com\\\/?s={search_term_string}\"},\"query-input\":{\"@type\":\"PropertyValueSpecification\",\"valueRequired\":true,\"valueName\":\"search_term_string\"}}],\"inLanguage\":\"en-GB\"}]}<\/script>\n<!-- \/ Yoast SEO plugin. -->","yoast_head_json":{"title":"The Dead Brothers - Wunderkammer (CD) - Balla Balla Town","robots":{"index":"index","follow":"follow","max-snippet":"max-snippet:-1","max-image-preview":"max-image-preview:large","max-video-preview":"max-video-preview:-1"},"canonical":"https:\/\/ballaballatown.com\/en\/shop\/thedeadbrothers-wunderkammer-cd\/","og_locale":"en_GB","og_type":"article","og_title":"The Dead Brothers - Wunderkammer (CD) - Balla Balla Town","og_description":"The Dead Brothers &#8211; Wunderkammer (CD) &nbsp; CD Album Die dritte regul\u00e4re Platte des Schweizer Beerdigungsorchesters auf Voodoo Rhythm. In gewohntem Down-Tempo interpretieren die DEAD BROTHERS elf Lieder aus verschiedenen Traditionen. Diesmal gibt es unter anderem einen Blues-Stomp (&#8222;Old pine box&#8220;), Swing der 20er Jahre (&#8222;Greek swing&#8220;), eine Arabeske (&#8222;Mustapha&#8220;), ein Shanty, Jazziges, das von [&hellip;]","og_url":"https:\/\/ballaballatown.com\/en\/shop\/thedeadbrothers-wunderkammer-cd\/","og_site_name":"Balla Balla Town","article_publisher":"http:\/\/www.facebook.com\/ballaballatown","article_modified_time":"2026-02-16T15:49:59+00:00","og_image":[{"width":1195,"height":1200,"url":"https:\/\/ballaballatown.com\/wp-content\/uploads\/2025\/11\/wunderkammercd.jpg","type":"image\/jpeg"}],"twitter_card":"summary_large_image","twitter_misc":{"Estimated reading time":"2 minutes"},"schema":{"@context":"https:\/\/schema.org","@graph":[{"@type":"WebPage","@id":"https:\/\/ballaballatown.com\/shop\/thedeadbrothers-wunderkammer-cd\/","url":"https:\/\/ballaballatown.com\/shop\/thedeadbrothers-wunderkammer-cd\/","name":"The Dead Brothers - Wunderkammer (CD) - Balla Balla Town","isPartOf":{"@id":"https:\/\/ballaballatown.com\/#website"},"primaryImageOfPage":{"@id":"https:\/\/ballaballatown.com\/shop\/thedeadbrothers-wunderkammer-cd\/#primaryimage"},"image":{"@id":"https:\/\/ballaballatown.com\/shop\/thedeadbrothers-wunderkammer-cd\/#primaryimage"},"thumbnailUrl":"https:\/\/ballaballatown.com\/wp-content\/uploads\/2025\/11\/wunderkammercd.jpg","datePublished":"2025-11-19T16:27:34+00:00","dateModified":"2026-02-16T15:49:59+00:00","breadcrumb":{"@id":"https:\/\/ballaballatown.com\/shop\/thedeadbrothers-wunderkammer-cd\/#breadcrumb"},"inLanguage":"en-GB","potentialAction":[{"@type":"ReadAction","target":["https:\/\/ballaballatown.com\/shop\/thedeadbrothers-wunderkammer-cd\/"]}]},{"@type":"ImageObject","inLanguage":"en-GB","@id":"https:\/\/ballaballatown.com\/shop\/thedeadbrothers-wunderkammer-cd\/#primaryimage","url":"https:\/\/ballaballatown.com\/wp-content\/uploads\/2025\/11\/wunderkammercd.jpg","contentUrl":"https:\/\/ballaballatown.com\/wp-content\/uploads\/2025\/11\/wunderkammercd.jpg","width":1195,"height":1200},{"@type":"BreadcrumbList","@id":"https:\/\/ballaballatown.com\/shop\/thedeadbrothers-wunderkammer-cd\/#breadcrumb","itemListElement":[{"@type":"ListItem","position":1,"name":"Startseite","item":"https:\/\/ballaballatown.com\/"},{"@type":"ListItem","position":2,"name":"Shop","item":"https:\/\/ballaballatown.com\/shop\/"},{"@type":"ListItem","position":3,"name":"The Dead Brothers &#8211; Wunderkammer (CD)"}]},{"@type":"WebSite","@id":"https:\/\/ballaballatown.com\/#website","url":"https:\/\/ballaballatown.com\/","name":"Balla Balla Town","description":"SCREENPRINTING &amp; MERCHANDISING SHOP","potentialAction":[{"@type":"SearchAction","target":{"@type":"EntryPoint","urlTemplate":"https:\/\/ballaballatown.com\/?s={search_term_string}"},"query-input":{"@type":"PropertyValueSpecification","valueRequired":true,"valueName":"search_term_string"}}],"inLanguage":"en-GB"}]}},"_links":{"self":[{"href":"https:\/\/ballaballatown.com\/en\/wp-json\/wp\/v2\/product\/2942","targetHints":{"allow":["GET"]}}],"collection":[{"href":"https:\/\/ballaballatown.com\/en\/wp-json\/wp\/v2\/product"}],"about":[{"href":"https:\/\/ballaballatown.com\/en\/wp-json\/wp\/v2\/types\/product"}],"wp:featuredmedia":[{"embeddable":true,"href":"https:\/\/ballaballatown.com\/en\/wp-json\/wp\/v2\/media\/2943"}],"wp:attachment":[{"href":"https:\/\/ballaballatown.com\/en\/wp-json\/wp\/v2\/media?parent=2942"}],"wp:term":[{"taxonomy":"product_brand","embeddable":true,"href":"https:\/\/ballaballatown.com\/en\/wp-json\/wp\/v2\/product_brand?post=2942"},{"taxonomy":"product_cat","embeddable":true,"href":"https:\/\/ballaballatown.com\/en\/wp-json\/wp\/v2\/product_cat?post=2942"},{"taxonomy":"product_tag","embeddable":true,"href":"https:\/\/ballaballatown.com\/en\/wp-json\/wp\/v2\/product_tag?post=2942"}],"curies":[{"name":"wp","href":"https:\/\/api.w.org\/{rel}","templated":true}]}}