{"id":410,"date":"2017-07-19T13:51:05","date_gmt":"2017-07-19T12:51:05","guid":{"rendered":"http:\/\/ballaballatown.com\/?post_type=product&#038;p=410"},"modified":"2025-12-22T13:28:55","modified_gmt":"2025-12-22T12:28:55","slug":"monkeeman-lo-fi-against-low-lifes","status":"publish","type":"product","link":"https:\/\/ballaballatown.com\/en\/shop\/monkeeman-lo-fi-against-low-lifes\/","title":{"rendered":"MONKEEMAN &#8211; LO-FI AGAINST LOW LIFES [LP]"},"content":{"rendered":"<p><strong>MONKEEMAN &#8211; LO-FI AGAINST LOW LIFES<\/strong><\/p>\n<p>&nbsp;<\/p>\n<h3><em><strong>VINYL LP + MP3 Download-Code<\/strong><\/em><\/h3>\n<p><strong>TRACKLIST<br \/>\n<\/strong>01. PRESSURE<br \/>\n02. THE GAMES THAT YOU PLAY<br \/>\n03. PRETTY FOOL<br \/>\n04. CHEESY TUNES<br \/>\n05. THE GREAT ESCAPE<br \/>\n06. IF THE MUSIC WAS OVER<br \/>\n07. FINE TIME<br \/>\n08. DROPPING BOMBS ON THE PARLAIMENT<br \/>\n09. BREAKING CHAINS<br \/>\n10. ORDINARY PEOPLE<br \/>\n11. THE A*** PARADE<br \/>\n12. GET US OUT<\/p>\n<p>Nach f\u00fcnfj\u00e4hriger Pause und drei Alben kehrt Ralf L\u00fcbke mit neuer Besetzung zur\u00fcck in Gestalt von drei neuen Mitmusikern, die tats\u00e4chlich alle mit Vornamen Marty hei\u00dfen und aus der nordirischen working class von Belfast stammen. Eine Umbesetzung, die sich h\u00f6rbar auszahlt in einem authentischeren Sound und Acting und Querverweisen quer durch die B-Seiten der britischen Musikgeschichte, angefangen bei den Undertones beim Opener \u201ePressure\u201c, auch Stiff Little Fingers, Clash oder The Jam haben L\u00fcbke und die Martys h\u00f6rbar beeinflusst. Zu h\u00f6ren gibt es oft Union Flag-gef\u00e4rbten Powerpop mit cool geschlagenen Gitarren, Reminiszenzen gen Mod-Rock, ab und an in die Manege geworfene pub\u00b4n rock\u00b4n rollige Parts, subtil eingef\u00fcgte typisch irische Licks und es treffen gar Northern Soul-Anleihen auf schiebende Alternative-Rockgitarren und gerne schwelt im Hintergrund eine Orgel. Getoppt wird ihr zeitloser Gitarren-Pop von ebenfalls melodi\u00f6sen und britisch gef\u00e4rbten Gesangslines.<\/p>\n<p>&nbsp;<\/p>\n<p>V\u00d6: 03.10.2014<strong><br \/>\n<\/strong>Label: <a href=\"http:\/\/www.rookierecords.de\/\">Rookie Records<\/a><\/p>\n<p><iframe src=\"https:\/\/www.youtube.com\/embed\/eyQJCTX_ND4\" width=\"560\" height=\"315\" frameborder=\"0\" allowfullscreen=\"allowfullscreen\"><\/iframe><\/p>\n<p>&nbsp;<\/p>\n<p><em>\u2013 Shipping from Germany \u2013<\/em><\/p>","protected":false},"excerpt":{"rendered":"<p>MONKEEMAN &#8211; LO-FI AGAINST LOW LIFES &nbsp; VINYL LP + MP3 Download-Code TRACKLIST 01. PRESSURE 02. THE GAMES THAT YOU PLAY 03. PRETTY FOOL 04. CHEESY TUNES 05. THE GREAT ESCAPE 06. IF THE MUSIC WAS OVER 07. FINE TIME 08. DROPPING BOMBS ON THE PARLAIMENT 09. BREAKING CHAINS 10. ORDINARY PEOPLE 11. THE A*** [&hellip;]<\/p>\n","protected":false},"featured_media":409,"template":"","meta":[],"product_brand":[],"product_cat":[50,78],"product_tag":[54,52,51,53],"class_list":{"0":"post-410","1":"product","2":"type-product","3":"status-publish","4":"has-post-thumbnail","6":"product_cat-monkeeman","7":"product_cat-records","8":"product_tag-lo-fi-against-low-lifes","9":"product_tag-lp","10":"product_tag-monkeeman","11":"product_tag-vinyl","12":"wpbf-post","15":"instock","16":"sale","17":"shipping-taxable","18":"purchasable","19":"product-type-simple"},"yoast_head":"<!-- This site is optimized with the Yoast SEO plugin v27.4 - https:\/\/yoast.com\/product\/yoast-seo-wordpress\/ -->\n<title>MONKEEMAN - LO-FI AGAINST LOW LIFES [LP] - Balla Balla Town<\/title>\n<meta name=\"robots\" content=\"index, follow, max-snippet:-1, max-image-preview:large, max-video-preview:-1\" \/>\n<link rel=\"canonical\" href=\"https:\/\/ballaballatown.com\/en\/shop\/monkeeman-lo-fi-against-low-lifes\/\" \/>\n<meta property=\"og:locale\" content=\"en_GB\" \/>\n<meta property=\"og:type\" content=\"article\" \/>\n<meta property=\"og:title\" content=\"MONKEEMAN - LO-FI AGAINST LOW LIFES [LP] - Balla Balla Town\" \/>\n<meta property=\"og:description\" content=\"MONKEEMAN &#8211; LO-FI AGAINST LOW LIFES &nbsp; VINYL LP + MP3 Download-Code TRACKLIST 01. PRESSURE 02. THE GAMES THAT YOU PLAY 03. PRETTY FOOL 04. CHEESY TUNES 05. THE GREAT ESCAPE 06. IF THE MUSIC WAS OVER 07. FINE TIME 08. DROPPING BOMBS ON THE PARLAIMENT 09. BREAKING CHAINS 10. ORDINARY PEOPLE 11. THE A*** [&hellip;]\" \/>\n<meta property=\"og:url\" content=\"https:\/\/ballaballatown.com\/en\/shop\/monkeeman-lo-fi-against-low-lifes\/\" \/>\n<meta property=\"og:site_name\" content=\"Balla Balla Town\" \/>\n<meta property=\"article:publisher\" content=\"http:\/\/www.facebook.com\/ballaballatown\" \/>\n<meta property=\"article:modified_time\" content=\"2025-12-22T12:28:55+00:00\" \/>\n<meta property=\"og:image\" content=\"https:\/\/ballaballatown.com\/wp-content\/uploads\/2017\/07\/Monkeeman-LP_FRONT_small.jpg\" \/>\n\t<meta property=\"og:image:width\" content=\"220\" \/>\n\t<meta property=\"og:image:height\" content=\"220\" \/>\n\t<meta property=\"og:image:type\" content=\"image\/jpeg\" \/>\n<meta name=\"twitter:card\" content=\"summary_large_image\" \/>\n<meta name=\"twitter:label1\" content=\"Estimated reading time\" \/>\n\t<meta name=\"twitter:data1\" content=\"2 minutes\" \/>\n<script type=\"application\/ld+json\" class=\"yoast-schema-graph\">{\"@context\":\"https:\\\/\\\/schema.org\",\"@graph\":[{\"@type\":\"WebPage\",\"@id\":\"https:\\\/\\\/ballaballatown.com\\\/shop\\\/monkeeman-lo-fi-against-low-lifes\\\/\",\"url\":\"https:\\\/\\\/ballaballatown.com\\\/shop\\\/monkeeman-lo-fi-against-low-lifes\\\/\",\"name\":\"MONKEEMAN - LO-FI AGAINST LOW LIFES [LP] - Balla Balla Town\",\"isPartOf\":{\"@id\":\"https:\\\/\\\/ballaballatown.com\\\/#website\"},\"primaryImageOfPage\":{\"@id\":\"https:\\\/\\\/ballaballatown.com\\\/shop\\\/monkeeman-lo-fi-against-low-lifes\\\/#primaryimage\"},\"image\":{\"@id\":\"https:\\\/\\\/ballaballatown.com\\\/shop\\\/monkeeman-lo-fi-against-low-lifes\\\/#primaryimage\"},\"thumbnailUrl\":\"https:\\\/\\\/ballaballatown.com\\\/wp-content\\\/uploads\\\/2017\\\/07\\\/Monkeeman-LP_FRONT_small.jpg\",\"datePublished\":\"2017-07-19T12:51:05+00:00\",\"dateModified\":\"2025-12-22T12:28:55+00:00\",\"breadcrumb\":{\"@id\":\"https:\\\/\\\/ballaballatown.com\\\/shop\\\/monkeeman-lo-fi-against-low-lifes\\\/#breadcrumb\"},\"inLanguage\":\"en-GB\",\"potentialAction\":[{\"@type\":\"ReadAction\",\"target\":[\"https:\\\/\\\/ballaballatown.com\\\/shop\\\/monkeeman-lo-fi-against-low-lifes\\\/\"]}]},{\"@type\":\"ImageObject\",\"inLanguage\":\"en-GB\",\"@id\":\"https:\\\/\\\/ballaballatown.com\\\/shop\\\/monkeeman-lo-fi-against-low-lifes\\\/#primaryimage\",\"url\":\"https:\\\/\\\/ballaballatown.com\\\/wp-content\\\/uploads\\\/2017\\\/07\\\/Monkeeman-LP_FRONT_small.jpg\",\"contentUrl\":\"https:\\\/\\\/ballaballatown.com\\\/wp-content\\\/uploads\\\/2017\\\/07\\\/Monkeeman-LP_FRONT_small.jpg\",\"width\":220,\"height\":220},{\"@type\":\"BreadcrumbList\",\"@id\":\"https:\\\/\\\/ballaballatown.com\\\/shop\\\/monkeeman-lo-fi-against-low-lifes\\\/#breadcrumb\",\"itemListElement\":[{\"@type\":\"ListItem\",\"position\":1,\"name\":\"Startseite\",\"item\":\"https:\\\/\\\/ballaballatown.com\\\/\"},{\"@type\":\"ListItem\",\"position\":2,\"name\":\"Shop\",\"item\":\"https:\\\/\\\/ballaballatown.com\\\/shop\\\/\"},{\"@type\":\"ListItem\",\"position\":3,\"name\":\"MONKEEMAN &#8211; LO-FI AGAINST LOW LIFES [LP]\"}]},{\"@type\":\"WebSite\",\"@id\":\"https:\\\/\\\/ballaballatown.com\\\/#website\",\"url\":\"https:\\\/\\\/ballaballatown.com\\\/\",\"name\":\"Balla Balla Town\",\"description\":\"SIEBDRUCK &amp; MERCHANDISING SHOP\",\"potentialAction\":[{\"@type\":\"SearchAction\",\"target\":{\"@type\":\"EntryPoint\",\"urlTemplate\":\"https:\\\/\\\/ballaballatown.com\\\/?s={search_term_string}\"},\"query-input\":{\"@type\":\"PropertyValueSpecification\",\"valueRequired\":true,\"valueName\":\"search_term_string\"}}],\"inLanguage\":\"en-GB\"}]}<\/script>\n<!-- \/ Yoast SEO plugin. -->","yoast_head_json":{"title":"MONKEEMAN - LO-FI AGAINST LOW LIFES [LP] - Balla Balla Town","robots":{"index":"index","follow":"follow","max-snippet":"max-snippet:-1","max-image-preview":"max-image-preview:large","max-video-preview":"max-video-preview:-1"},"canonical":"https:\/\/ballaballatown.com\/en\/shop\/monkeeman-lo-fi-against-low-lifes\/","og_locale":"en_GB","og_type":"article","og_title":"MONKEEMAN - LO-FI AGAINST LOW LIFES [LP] - Balla Balla Town","og_description":"MONKEEMAN &#8211; LO-FI AGAINST LOW LIFES &nbsp; VINYL LP + MP3 Download-Code TRACKLIST 01. PRESSURE 02. THE GAMES THAT YOU PLAY 03. PRETTY FOOL 04. CHEESY TUNES 05. THE GREAT ESCAPE 06. IF THE MUSIC WAS OVER 07. FINE TIME 08. DROPPING BOMBS ON THE PARLAIMENT 09. BREAKING CHAINS 10. ORDINARY PEOPLE 11. THE A*** [&hellip;]","og_url":"https:\/\/ballaballatown.com\/en\/shop\/monkeeman-lo-fi-against-low-lifes\/","og_site_name":"Balla Balla Town","article_publisher":"http:\/\/www.facebook.com\/ballaballatown","article_modified_time":"2025-12-22T12:28:55+00:00","og_image":[{"width":220,"height":220,"url":"https:\/\/ballaballatown.com\/wp-content\/uploads\/2017\/07\/Monkeeman-LP_FRONT_small.jpg","type":"image\/jpeg"}],"twitter_card":"summary_large_image","twitter_misc":{"Estimated reading time":"2 minutes"},"schema":{"@context":"https:\/\/schema.org","@graph":[{"@type":"WebPage","@id":"https:\/\/ballaballatown.com\/shop\/monkeeman-lo-fi-against-low-lifes\/","url":"https:\/\/ballaballatown.com\/shop\/monkeeman-lo-fi-against-low-lifes\/","name":"MONKEEMAN - LO-FI AGAINST LOW LIFES [LP] - Balla Balla Town","isPartOf":{"@id":"https:\/\/ballaballatown.com\/#website"},"primaryImageOfPage":{"@id":"https:\/\/ballaballatown.com\/shop\/monkeeman-lo-fi-against-low-lifes\/#primaryimage"},"image":{"@id":"https:\/\/ballaballatown.com\/shop\/monkeeman-lo-fi-against-low-lifes\/#primaryimage"},"thumbnailUrl":"https:\/\/ballaballatown.com\/wp-content\/uploads\/2017\/07\/Monkeeman-LP_FRONT_small.jpg","datePublished":"2017-07-19T12:51:05+00:00","dateModified":"2025-12-22T12:28:55+00:00","breadcrumb":{"@id":"https:\/\/ballaballatown.com\/shop\/monkeeman-lo-fi-against-low-lifes\/#breadcrumb"},"inLanguage":"en-GB","potentialAction":[{"@type":"ReadAction","target":["https:\/\/ballaballatown.com\/shop\/monkeeman-lo-fi-against-low-lifes\/"]}]},{"@type":"ImageObject","inLanguage":"en-GB","@id":"https:\/\/ballaballatown.com\/shop\/monkeeman-lo-fi-against-low-lifes\/#primaryimage","url":"https:\/\/ballaballatown.com\/wp-content\/uploads\/2017\/07\/Monkeeman-LP_FRONT_small.jpg","contentUrl":"https:\/\/ballaballatown.com\/wp-content\/uploads\/2017\/07\/Monkeeman-LP_FRONT_small.jpg","width":220,"height":220},{"@type":"BreadcrumbList","@id":"https:\/\/ballaballatown.com\/shop\/monkeeman-lo-fi-against-low-lifes\/#breadcrumb","itemListElement":[{"@type":"ListItem","position":1,"name":"Startseite","item":"https:\/\/ballaballatown.com\/"},{"@type":"ListItem","position":2,"name":"Shop","item":"https:\/\/ballaballatown.com\/shop\/"},{"@type":"ListItem","position":3,"name":"MONKEEMAN &#8211; LO-FI AGAINST LOW LIFES [LP]"}]},{"@type":"WebSite","@id":"https:\/\/ballaballatown.com\/#website","url":"https:\/\/ballaballatown.com\/","name":"Balla Balla Town","description":"SCREENPRINTING &amp; MERCHANDISING SHOP","potentialAction":[{"@type":"SearchAction","target":{"@type":"EntryPoint","urlTemplate":"https:\/\/ballaballatown.com\/?s={search_term_string}"},"query-input":{"@type":"PropertyValueSpecification","valueRequired":true,"valueName":"search_term_string"}}],"inLanguage":"en-GB"}]}},"_links":{"self":[{"href":"https:\/\/ballaballatown.com\/en\/wp-json\/wp\/v2\/product\/410","targetHints":{"allow":["GET"]}}],"collection":[{"href":"https:\/\/ballaballatown.com\/en\/wp-json\/wp\/v2\/product"}],"about":[{"href":"https:\/\/ballaballatown.com\/en\/wp-json\/wp\/v2\/types\/product"}],"wp:featuredmedia":[{"embeddable":true,"href":"https:\/\/ballaballatown.com\/en\/wp-json\/wp\/v2\/media\/409"}],"wp:attachment":[{"href":"https:\/\/ballaballatown.com\/en\/wp-json\/wp\/v2\/media?parent=410"}],"wp:term":[{"taxonomy":"product_brand","embeddable":true,"href":"https:\/\/ballaballatown.com\/en\/wp-json\/wp\/v2\/product_brand?post=410"},{"taxonomy":"product_cat","embeddable":true,"href":"https:\/\/ballaballatown.com\/en\/wp-json\/wp\/v2\/product_cat?post=410"},{"taxonomy":"product_tag","embeddable":true,"href":"https:\/\/ballaballatown.com\/en\/wp-json\/wp\/v2\/product_tag?post=410"}],"curies":[{"name":"wp","href":"https:\/\/api.w.org\/{rel}","templated":true}]}}